{"id":150,"date":"2017-09-21T17:07:17","date_gmt":"2017-09-21T15:07:17","guid":{"rendered":"http:\/\/web.digital-print-service.de\/?page_id=150"},"modified":"2017-09-21T17:07:17","modified_gmt":"2017-09-21T15:07:17","slug":"preisliste","status":"publish","type":"page","link":"https:\/\/digital-print-service.de\/?page_id=150","title":{"rendered":"Preisliste"},"content":{"rendered":"<p>Die derzeit g\u00fcltige Preisliste wird derzeit \u00fcberarbeitet. Sehr gerne \u00fcbersenden wir Ihnen auf Anfrage ein individuelles Angebot.<\/p>\n","protected":false},"excerpt":{"rendered":"<p>Die derzeit g\u00fcltige Preisliste wird derzeit \u00fcberarbeitet. Sehr gerne \u00fcbersenden wir Ihnen auf Anfrage ein individuelles Angebot.<\/p>\n","protected":false},"author":1,"featured_media":0,"parent":0,"menu_order":0,"comment_status":"closed","ping_status":"closed","template":"page-templates\/no-sidebar.php","meta":[],"_links":{"self":[{"href":"https:\/\/digital-print-service.de\/index.php?rest_route=\/wp\/v2\/pages\/150"}],"collection":[{"href":"https:\/\/digital-print-service.de\/index.php?rest_route=\/wp\/v2\/pages"}],"about":[{"href":"https:\/\/digital-print-service.de\/index.php?rest_route=\/wp\/v2\/types\/page"}],"author":[{"embeddable":true,"href":"https:\/\/digital-print-service.de\/index.php?rest_route=\/wp\/v2\/users\/1"}],"replies":[{"embeddable":true,"href":"https:\/\/digital-print-service.de\/index.php?rest_route=%2Fwp%2Fv2%2Fcomments&post=150"}],"version-history":[{"count":1,"href":"https:\/\/digital-print-service.de\/index.php?rest_route=\/wp\/v2\/pages\/150\/revisions"}],"predecessor-version":[{"id":151,"href":"https:\/\/digital-print-service.de\/index.php?rest_route=\/wp\/v2\/pages\/150\/revisions\/151"}],"wp:attachment":[{"href":"https:\/\/digital-print-service.de\/index.php?rest_route=%2Fwp%2Fv2%2Fmedia&parent=150"}],"curies":[{"name":"wp","href":"https:\/\/api.w.org\/{rel}","templated":true}]}}